{"id":19600,"date":"2023-02-11T16:07:32","date_gmt":"2023-02-11T16:07:32","guid":{"rendered":"https:\/\/loteriadeltolima.com\/?page_id=19600"},"modified":"2024-10-22T15:33:49","modified_gmt":"2024-10-22T20:33:49","slug":"resultados-gran-extra-pijao","status":"publish","type":"page","link":"https:\/\/loteriadeltolima.com\/2024\/resultados-gran-extra-pijao\/","title":{"rendered":"Resultados Gran Extra Pijao"},"content":{"rendered":"\t\t<div data-elementor-type=\"wp-page\" data-elementor-id=\"19600\" class=\"elementor elementor-19600\" data-elementor-post-type=\"page\">\n\t\t\t\t<div class=\"elementor-element elementor-element-2e4f465d e-flex e-con-boxed e-con e-parent\" data-id=\"2e4f465d\" data-element_type=\"container\" data-settings=\"{&quot;background_background&quot;:&quot;gradient&quot;}\">\n\t\t\t\t\t<div class=\"e-con-inner\">\n\t\t\t\t<div class=\"elementor-element elementor-element-406552da elementor-widget elementor-widget-heading\" data-id=\"406552da\" data-element_type=\"widget\" data-widget_type=\"heading.default\">\n\t\t\t\t<div class=\"elementor-widget-container\">\n\t\t\t\t\t<h1 class=\"elementor-heading-title elementor-size-xl\">Resultados Gran Extra Pijao<\/h1>\t\t\t\t<\/div>\n\t\t\t\t<\/div>\n\t\t\t\t\t<\/div>\n\t\t\t\t<\/div>\n\t\t<div class=\"elementor-element elementor-element-bc3af86 e-flex e-con-boxed e-con e-parent\" data-id=\"bc3af86\" data-element_type=\"container\">\n\t\t\t\t\t<div class=\"e-con-inner\">\n\t\t\t\t<div class=\"elementor-element elementor-element-fe4b9b5 elementor-tabs-view-horizontal elementor-widget elementor-widget-tabs\" data-id=\"fe4b9b5\" data-element_type=\"widget\" data-widget_type=\"tabs.default\">\n\t\t\t\t<div class=\"elementor-widget-container\">\n\t\t\t\t\t\t\t<div class=\"elementor-tabs\">\n\t\t\t<div class=\"elementor-tabs-wrapper\" role=\"tablist\" >\n\t\t\t\t\t\t\t\t\t<div id=\"elementor-tab-title-2661\" class=\"elementor-tab-title elementor-tab-desktop-title\" aria-selected=\"true\" data-tab=\"1\" role=\"tab\" tabindex=\"0\" aria-controls=\"elementor-tab-content-2661\" aria-expanded=\"false\">2024<\/div>\n\t\t\t\t\t\t\t\t\t<div id=\"elementor-tab-title-2662\" class=\"elementor-tab-title elementor-tab-desktop-title\" aria-selected=\"false\" data-tab=\"2\" role=\"tab\" tabindex=\"-1\" aria-controls=\"elementor-tab-content-2662\" aria-expanded=\"false\">2023<\/div>\n\t\t\t\t\t\t\t\t\t<div id=\"elementor-tab-title-2663\" class=\"elementor-tab-title elementor-tab-desktop-title\" aria-selected=\"false\" data-tab=\"3\" role=\"tab\" tabindex=\"-1\" aria-controls=\"elementor-tab-content-2663\" aria-expanded=\"false\">2021<\/div>\n\t\t\t\t\t\t\t<\/div>\n\t\t\t<div class=\"elementor-tabs-content-wrapper\" role=\"tablist\" aria-orientation=\"vertical\">\n\t\t\t\t\t\t\t\t\t<div class=\"elementor-tab-title elementor-tab-mobile-title\" aria-selected=\"true\" data-tab=\"1\" role=\"tab\" tabindex=\"0\" aria-controls=\"elementor-tab-content-2661\" aria-expanded=\"false\">2024<\/div>\n\t\t\t\t\t<div id=\"elementor-tab-content-2661\" class=\"elementor-tab-content elementor-clearfix\" data-tab=\"1\" role=\"tabpanel\" aria-labelledby=\"elementor-tab-title-2661\" tabindex=\"0\" hidden=\"false\"><p><img fetchpriority=\"high\" decoding=\"async\" class=\"aligncenter wp-image-36284 size-large\" src=\"https:\/\/loteriadeltolima.com\/wp-content\/uploads\/2024\/10\/Pijao-003-1-819x1024.jpg\" alt=\"\" width=\"819\" height=\"1024\" srcset=\"https:\/\/loteriadeltolima.com\/2024\/wp-content\/uploads\/2024\/10\/Pijao-003-1-819x1024.jpg 819w, https:\/\/loteriadeltolima.com\/2024\/wp-content\/uploads\/2024\/10\/Pijao-003-1-240x300.jpg 240w, https:\/\/loteriadeltolima.com\/2024\/wp-content\/uploads\/2024\/10\/Pijao-003-1-768x960.jpg 768w, https:\/\/loteriadeltolima.com\/2024\/wp-content\/uploads\/2024\/10\/Pijao-003-1-1229x1536.jpg 1229w, https:\/\/loteriadeltolima.com\/2024\/wp-content\/uploads\/2024\/10\/Pijao-003-1-1320x1650.jpg 1320w, https:\/\/loteriadeltolima.com\/2024\/wp-content\/uploads\/2024\/10\/Pijao-003-1-600x750.jpg 600w, https:\/\/loteriadeltolima.com\/2024\/wp-content\/uploads\/2024\/10\/Pijao-003-1-64x80.jpg 64w, https:\/\/loteriadeltolima.com\/2024\/wp-content\/uploads\/2024\/10\/Pijao-003-1.jpg 1439w\" sizes=\"(max-width: 819px) 100vw, 819px\" \/><img decoding=\"async\" class=\"aligncenter wp-image-36290 size-large\" src=\"https:\/\/loteriadeltolima.com\/wp-content\/uploads\/2024\/10\/EXTRA003-819x1024.jpg\" alt=\"\" width=\"819\" height=\"1024\" srcset=\"https:\/\/loteriadeltolima.com\/2024\/wp-content\/uploads\/2024\/10\/EXTRA003-819x1024.jpg 819w, https:\/\/loteriadeltolima.com\/2024\/wp-content\/uploads\/2024\/10\/EXTRA003-240x300.jpg 240w, https:\/\/loteriadeltolima.com\/2024\/wp-content\/uploads\/2024\/10\/EXTRA003-768x960.jpg 768w, https:\/\/loteriadeltolima.com\/2024\/wp-content\/uploads\/2024\/10\/EXTRA003-1229x1536.jpg 1229w, https:\/\/loteriadeltolima.com\/2024\/wp-content\/uploads\/2024\/10\/EXTRA003-1320x1650.jpg 1320w, https:\/\/loteriadeltolima.com\/2024\/wp-content\/uploads\/2024\/10\/EXTRA003-600x750.jpg 600w, https:\/\/loteriadeltolima.com\/2024\/wp-content\/uploads\/2024\/10\/EXTRA003-64x80.jpg 64w, https:\/\/loteriadeltolima.com\/2024\/wp-content\/uploads\/2024\/10\/EXTRA003.jpg 1439w\" sizes=\"(max-width: 819px) 100vw, 819px\" \/><img decoding=\"async\" class=\"aligncenter wp-image-36291 size-large\" src=\"https:\/\/loteriadeltolima.com\/wp-content\/uploads\/2024\/10\/EXTRAPIJ-819x1024.jpg\" alt=\"\" width=\"819\" height=\"1024\" srcset=\"https:\/\/loteriadeltolima.com\/2024\/wp-content\/uploads\/2024\/10\/EXTRAPIJ-819x1024.jpg 819w, https:\/\/loteriadeltolima.com\/2024\/wp-content\/uploads\/2024\/10\/EXTRAPIJ-240x300.jpg 240w, https:\/\/loteriadeltolima.com\/2024\/wp-content\/uploads\/2024\/10\/EXTRAPIJ-768x960.jpg 768w, https:\/\/loteriadeltolima.com\/2024\/wp-content\/uploads\/2024\/10\/EXTRAPIJ-1229x1536.jpg 1229w, https:\/\/loteriadeltolima.com\/2024\/wp-content\/uploads\/2024\/10\/EXTRAPIJ-1320x1650.jpg 1320w, https:\/\/loteriadeltolima.com\/2024\/wp-content\/uploads\/2024\/10\/EXTRAPIJ-600x750.jpg 600w, https:\/\/loteriadeltolima.com\/2024\/wp-content\/uploads\/2024\/10\/EXTRAPIJ-64x80.jpg 64w, https:\/\/loteriadeltolima.com\/2024\/wp-content\/uploads\/2024\/10\/EXTRAPIJ.jpg 1439w\" sizes=\"(max-width: 819px) 100vw, 819px\" \/><\/p><\/div>\n\t\t\t\t\t\t\t\t\t<div class=\"elementor-tab-title elementor-tab-mobile-title\" aria-selected=\"false\" data-tab=\"2\" role=\"tab\" tabindex=\"-1\" aria-controls=\"elementor-tab-content-2662\" aria-expanded=\"false\">2023<\/div>\n\t\t\t\t\t<div id=\"elementor-tab-content-2662\" class=\"elementor-tab-content elementor-clearfix\" data-tab=\"2\" role=\"tabpanel\" aria-labelledby=\"elementor-tab-title-2662\" tabindex=\"0\" hidden=\"hidden\"><img loading=\"lazy\" decoding=\"async\" class=\"aligncenter wp-image-32690 size-full\" src=\"https:\/\/loteriadeltolima.com\/wp-content\/uploads\/2023\/10\/Sorteo-0002-Extra-Pijao.jpeg\" alt=\"Resultado Sorteo 0002 - Extra Pijao\" width=\"576\" height=\"1024\" srcset=\"https:\/\/loteriadeltolima.com\/2024\/wp-content\/uploads\/2023\/10\/Sorteo-0002-Extra-Pijao.jpeg 576w, https:\/\/loteriadeltolima.com\/2024\/wp-content\/uploads\/2023\/10\/Sorteo-0002-Extra-Pijao-169x300.jpeg 169w, https:\/\/loteriadeltolima.com\/2024\/wp-content\/uploads\/2023\/10\/Sorteo-0002-Extra-Pijao-64x114.jpeg 64w\" sizes=\"(max-width: 576px) 100vw, 576px\" \/><\/div>\n\t\t\t\t\t\t\t\t\t<div class=\"elementor-tab-title elementor-tab-mobile-title\" aria-selected=\"false\" data-tab=\"3\" role=\"tab\" tabindex=\"-1\" aria-controls=\"elementor-tab-content-2663\" aria-expanded=\"false\">2021<\/div>\n\t\t\t\t\t<div id=\"elementor-tab-content-2663\" class=\"elementor-tab-content elementor-clearfix\" data-tab=\"3\" role=\"tabpanel\" aria-labelledby=\"elementor-tab-title-2663\" tabindex=\"0\" hidden=\"hidden\"><p><img loading=\"lazy\" decoding=\"async\" class=\"aligncenter wp-image-19603 size-full\" src=\"https:\/\/loteriadeltolima.com\/wp-content\/uploads\/2023\/02\/RESULTADO-GRAN-EXTRA-PIJAO.jpg\" alt=\"\" width=\"576\" height=\"1024\" srcset=\"https:\/\/loteriadeltolima.com\/2024\/wp-content\/uploads\/2023\/02\/RESULTADO-GRAN-EXTRA-PIJAO.jpg 576w, https:\/\/loteriadeltolima.com\/2024\/wp-content\/uploads\/2023\/02\/RESULTADO-GRAN-EXTRA-PIJAO-64x114.jpg 64w, https:\/\/loteriadeltolima.com\/2024\/wp-content\/uploads\/2023\/02\/RESULTADO-GRAN-EXTRA-PIJAO-169x300.jpg 169w\" sizes=\"(max-width: 576px) 100vw, 576px\" \/><\/p><\/div>\n\t\t\t\t\t\t\t<\/div>\n\t\t<\/div>\n\t\t\t\t\t\t<\/div>\n\t\t\t\t<\/div>\n\t\t\t\t\t<\/div>\n\t\t\t\t<\/div>\n\t\t\t\t<\/div>\n\t\t","protected":false},"excerpt":{"rendered":"<p>2024 2023 2021 2024 2023 2021<\/p>\n","protected":false},"author":3,"featured_media":0,"parent":0,"menu_order":0,"comment_status":"closed","ping_status":"closed","template":"","meta":{"site-sidebar-layout":"no-sidebar","site-content-layout":"page-builder","ast-site-content-layout":"","site-content-style":"default","site-sidebar-style":"default","ast-global-header-display":"","ast-banner-title-visibility":"","ast-main-header-display":"","ast-hfb-above-header-display":"","ast-hfb-below-header-display":"","ast-hfb-mobile-header-display":"","site-post-title":"disabled","ast-breadcrumbs-content":"","ast-featured-img":"disabled","footer-sml-layout":"","theme-transparent-header-meta":"","adv-header-id-meta":"","stick-header-meta":"","header-above-stick-meta":"","header-main-stick-meta":"","header-below-stick-meta":"","astra-migrate-meta-layouts":"default","ast-page-background-enabled":"default","ast-page-background-meta":{"desktop":{"background-color":"var(--ast-global-color-4)","background-image":"","background-repeat":"repeat","background-position":"center center","background-size":"auto","background-attachment":"scroll","background-type":"","background-media":"","overlay-type":"","overlay-color":"","overlay-opacity":"","overlay-gradient":""},"tablet":{"background-color":"","background-image":"","background-repeat":"repeat","background-position":"center center","background-size":"auto","background-attachment":"scroll","background-type":"","background-media":"","overlay-type":"","overlay-color":"","overlay-opacity":"","overlay-gradient":""},"mobile":{"background-color":"","background-image":"","background-repeat":"repeat","background-position":"center center","background-size":"auto","background-attachment":"scroll","background-type":"","background-media":"","overlay-type":"","overlay-color":"","overlay-opacity":"","overlay-gradient":""}},"ast-content-background-meta":{"desktop":{"background-color":"var(--ast-global-color-5)","background-image":"","background-repeat":"repeat","background-position":"center center","background-size":"auto","background-attachment":"scroll","background-type":"","background-media":"","overlay-type":"","overlay-color":"","overlay-opacity":"","overlay-gradient":""},"tablet":{"background-color":"var(--ast-global-color-5)","background-image":"","background-repeat":"repeat","background-position":"center center","background-size":"auto","background-attachment":"scroll","background-type":"","background-media":"","overlay-type":"","overlay-color":"","overlay-opacity":"","overlay-gradient":""},"mobile":{"background-color":"var(--ast-global-color-5)","background-image":"","background-repeat":"repeat","background-position":"center center","background-size":"auto","background-attachment":"scroll","background-type":"","background-media":"","overlay-type":"","overlay-color":"","overlay-opacity":"","overlay-gradient":""}},"footnotes":""},"class_list":["post-19600","page","type-page","status-publish","hentry"],"yoast_head":"<!-- This site is optimized with the Yoast SEO plugin v24.2 - https:\/\/yoast.com\/wordpress\/plugins\/seo\/ -->\n<title>Resultados Gran Extra Pijao - Loter\u00eda del Tolima \u2013 Apu\u00e9stele a sus Sue\u00f1os<\/title>\n<meta name=\"robots\" content=\"index, follow, max-snippet:-1, max-image-preview:large, max-video-preview:-1\" \/>\n<link rel=\"canonical\" href=\"https:\/\/loteriadeltolima.com\/2024\/resultados-gran-extra-pijao\/\" \/>\n<meta property=\"og:locale\" content=\"es_ES\" \/>\n<meta property=\"og:type\" content=\"article\" \/>\n<meta property=\"og:title\" content=\"Resultados Gran Extra Pijao - Loter\u00eda del Tolima \u2013 Apu\u00e9stele a sus Sue\u00f1os\" \/>\n<meta property=\"og:description\" content=\"2024 2023 2021 2024 2023 2021\" \/>\n<meta property=\"og:url\" content=\"https:\/\/loteriadeltolima.com\/2024\/resultados-gran-extra-pijao\/\" \/>\n<meta property=\"og:site_name\" content=\"Loter\u00eda del Tolima \u2013 Apu\u00e9stele a sus Sue\u00f1os\" \/>\n<meta property=\"article:modified_time\" content=\"2024-10-22T20:33:49+00:00\" \/>\n<meta property=\"og:image\" content=\"https:\/\/i0.wp.com\/loteriadeltolima.com\/wp-content\/uploads\/2024\/10\/Pijao-003-1.jpg?resize=819%2C1024&#038;ssl=1\" \/>\n<meta name=\"twitter:card\" content=\"summary_large_image\" \/>\n<meta name=\"twitter:label1\" content=\"Tiempo de lectura\" \/>\n\t<meta name=\"twitter:data1\" content=\"2 minutos\" \/>\n<script type=\"application\/ld+json\" class=\"yoast-schema-graph\">{\"@context\":\"https:\/\/schema.org\",\"@graph\":[{\"@type\":\"WebPage\",\"@id\":\"https:\/\/loteriadeltolima.com\/2024\/resultados-gran-extra-pijao\/\",\"url\":\"https:\/\/loteriadeltolima.com\/2024\/resultados-gran-extra-pijao\/\",\"name\":\"Resultados Gran Extra Pijao - Loter\u00eda del Tolima \u2013 Apu\u00e9stele a sus Sue\u00f1os\",\"isPartOf\":{\"@id\":\"https:\/\/loteriadeltolima.com\/2024\/#website\"},\"primaryImageOfPage\":{\"@id\":\"https:\/\/loteriadeltolima.com\/2024\/resultados-gran-extra-pijao\/#primaryimage\"},\"image\":{\"@id\":\"https:\/\/loteriadeltolima.com\/2024\/resultados-gran-extra-pijao\/#primaryimage\"},\"thumbnailUrl\":\"https:\/\/i0.wp.com\/loteriadeltolima.com\/wp-content\/uploads\/2024\/10\/Pijao-003-1.jpg?resize=819%2C1024&#038;ssl=1\",\"datePublished\":\"2023-02-11T16:07:32+00:00\",\"dateModified\":\"2024-10-22T20:33:49+00:00\",\"breadcrumb\":{\"@id\":\"https:\/\/loteriadeltolima.com\/2024\/resultados-gran-extra-pijao\/#breadcrumb\"},\"inLanguage\":\"es-CO\",\"potentialAction\":[{\"@type\":\"ReadAction\",\"target\":[\"https:\/\/loteriadeltolima.com\/2024\/resultados-gran-extra-pijao\/\"]}]},{\"@type\":\"ImageObject\",\"inLanguage\":\"es-CO\",\"@id\":\"https:\/\/loteriadeltolima.com\/2024\/resultados-gran-extra-pijao\/#primaryimage\",\"url\":\"https:\/\/i0.wp.com\/loteriadeltolima.com\/wp-content\/uploads\/2024\/10\/Pijao-003-1.jpg?resize=819%2C1024&#038;ssl=1\",\"contentUrl\":\"https:\/\/i0.wp.com\/loteriadeltolima.com\/wp-content\/uploads\/2024\/10\/Pijao-003-1.jpg?resize=819%2C1024&#038;ssl=1\"},{\"@type\":\"BreadcrumbList\",\"@id\":\"https:\/\/loteriadeltolima.com\/2024\/resultados-gran-extra-pijao\/#breadcrumb\",\"itemListElement\":[{\"@type\":\"ListItem\",\"position\":1,\"name\":\"Inicio\",\"item\":\"https:\/\/loteriadeltolima.com\/2024\/\"},{\"@type\":\"ListItem\",\"position\":2,\"name\":\"Resultados Gran Extra Pijao\"}]},{\"@type\":\"WebSite\",\"@id\":\"https:\/\/loteriadeltolima.com\/2024\/#website\",\"url\":\"https:\/\/loteriadeltolima.com\/2024\/\",\"name\":\"Loter\u00eda del Tolima \u2013 Apu\u00e9stele a sus Sue\u00f1os\",\"description\":\"Loter\u00eda del Tolima \u2013 Apu\u00e9stele a sus Sue\u00f1os\",\"publisher\":{\"@id\":\"https:\/\/loteriadeltolima.com\/2024\/#organization\"},\"potentialAction\":[{\"@type\":\"SearchAction\",\"target\":{\"@type\":\"EntryPoint\",\"urlTemplate\":\"https:\/\/loteriadeltolima.com\/2024\/?s={search_term_string}\"},\"query-input\":{\"@type\":\"PropertyValueSpecification\",\"valueRequired\":true,\"valueName\":\"search_term_string\"}}],\"inLanguage\":\"es-CO\"},{\"@type\":\"Organization\",\"@id\":\"https:\/\/loteriadeltolima.com\/2024\/#organization\",\"name\":\"Loter\u00eda del Tolima \u2013 Apu\u00e9stele a sus Sue\u00f1os\",\"url\":\"https:\/\/loteriadeltolima.com\/2024\/\",\"logo\":{\"@type\":\"ImageObject\",\"inLanguage\":\"es-CO\",\"@id\":\"https:\/\/loteriadeltolima.com\/2024\/#\/schema\/logo\/image\/\",\"url\":\"https:\/\/loteriadeltolima.com\/2024\/wp-content\/uploads\/2023\/03\/logo_main.png\",\"contentUrl\":\"https:\/\/loteriadeltolima.com\/2024\/wp-content\/uploads\/2023\/03\/logo_main.png\",\"width\":400,\"height\":103,\"caption\":\"Loter\u00eda del Tolima \u2013 Apu\u00e9stele a sus Sue\u00f1os\"},\"image\":{\"@id\":\"https:\/\/loteriadeltolima.com\/2024\/#\/schema\/logo\/image\/\"}}]}<\/script>\n<!-- \/ Yoast SEO plugin. -->","yoast_head_json":{"title":"Resultados Gran Extra Pijao - Loter\u00eda del Tolima \u2013 Apu\u00e9stele a sus Sue\u00f1os","robots":{"index":"index","follow":"follow","max-snippet":"max-snippet:-1","max-image-preview":"max-image-preview:large","max-video-preview":"max-video-preview:-1"},"canonical":"https:\/\/loteriadeltolima.com\/2024\/resultados-gran-extra-pijao\/","og_locale":"es_ES","og_type":"article","og_title":"Resultados Gran Extra Pijao - Loter\u00eda del Tolima \u2013 Apu\u00e9stele a sus Sue\u00f1os","og_description":"2024 2023 2021 2024 2023 2021","og_url":"https:\/\/loteriadeltolima.com\/2024\/resultados-gran-extra-pijao\/","og_site_name":"Loter\u00eda del Tolima \u2013 Apu\u00e9stele a sus Sue\u00f1os","article_modified_time":"2024-10-22T20:33:49+00:00","og_image":[{"url":"https:\/\/i0.wp.com\/loteriadeltolima.com\/wp-content\/uploads\/2024\/10\/Pijao-003-1.jpg?resize=819%2C1024&#038;ssl=1","type":"","width":"","height":""}],"twitter_card":"summary_large_image","twitter_misc":{"Tiempo de lectura":"2 minutos"},"schema":{"@context":"https:\/\/schema.org","@graph":[{"@type":"WebPage","@id":"https:\/\/loteriadeltolima.com\/2024\/resultados-gran-extra-pijao\/","url":"https:\/\/loteriadeltolima.com\/2024\/resultados-gran-extra-pijao\/","name":"Resultados Gran Extra Pijao - Loter\u00eda del Tolima \u2013 Apu\u00e9stele a sus Sue\u00f1os","isPartOf":{"@id":"https:\/\/loteriadeltolima.com\/2024\/#website"},"primaryImageOfPage":{"@id":"https:\/\/loteriadeltolima.com\/2024\/resultados-gran-extra-pijao\/#primaryimage"},"image":{"@id":"https:\/\/loteriadeltolima.com\/2024\/resultados-gran-extra-pijao\/#primaryimage"},"thumbnailUrl":"https:\/\/i0.wp.com\/loteriadeltolima.com\/wp-content\/uploads\/2024\/10\/Pijao-003-1.jpg?resize=819%2C1024&#038;ssl=1","datePublished":"2023-02-11T16:07:32+00:00","dateModified":"2024-10-22T20:33:49+00:00","breadcrumb":{"@id":"https:\/\/loteriadeltolima.com\/2024\/resultados-gran-extra-pijao\/#breadcrumb"},"inLanguage":"es-CO","potentialAction":[{"@type":"ReadAction","target":["https:\/\/loteriadeltolima.com\/2024\/resultados-gran-extra-pijao\/"]}]},{"@type":"ImageObject","inLanguage":"es-CO","@id":"https:\/\/loteriadeltolima.com\/2024\/resultados-gran-extra-pijao\/#primaryimage","url":"https:\/\/i0.wp.com\/loteriadeltolima.com\/wp-content\/uploads\/2024\/10\/Pijao-003-1.jpg?resize=819%2C1024&#038;ssl=1","contentUrl":"https:\/\/i0.wp.com\/loteriadeltolima.com\/wp-content\/uploads\/2024\/10\/Pijao-003-1.jpg?resize=819%2C1024&#038;ssl=1"},{"@type":"BreadcrumbList","@id":"https:\/\/loteriadeltolima.com\/2024\/resultados-gran-extra-pijao\/#breadcrumb","itemListElement":[{"@type":"ListItem","position":1,"name":"Inicio","item":"https:\/\/loteriadeltolima.com\/2024\/"},{"@type":"ListItem","position":2,"name":"Resultados Gran Extra Pijao"}]},{"@type":"WebSite","@id":"https:\/\/loteriadeltolima.com\/2024\/#website","url":"https:\/\/loteriadeltolima.com\/2024\/","name":"Loter\u00eda del Tolima \u2013 Apu\u00e9stele a sus Sue\u00f1os","description":"Loter\u00eda del Tolima \u2013 Apu\u00e9stele a sus Sue\u00f1os","publisher":{"@id":"https:\/\/loteriadeltolima.com\/2024\/#organization"},"potentialAction":[{"@type":"SearchAction","target":{"@type":"EntryPoint","urlTemplate":"https:\/\/loteriadeltolima.com\/2024\/?s={search_term_string}"},"query-input":{"@type":"PropertyValueSpecification","valueRequired":true,"valueName":"search_term_string"}}],"inLanguage":"es-CO"},{"@type":"Organization","@id":"https:\/\/loteriadeltolima.com\/2024\/#organization","name":"Loter\u00eda del Tolima \u2013 Apu\u00e9stele a sus Sue\u00f1os","url":"https:\/\/loteriadeltolima.com\/2024\/","logo":{"@type":"ImageObject","inLanguage":"es-CO","@id":"https:\/\/loteriadeltolima.com\/2024\/#\/schema\/logo\/image\/","url":"https:\/\/loteriadeltolima.com\/2024\/wp-content\/uploads\/2023\/03\/logo_main.png","contentUrl":"https:\/\/loteriadeltolima.com\/2024\/wp-content\/uploads\/2023\/03\/logo_main.png","width":400,"height":103,"caption":"Loter\u00eda del Tolima \u2013 Apu\u00e9stele a sus Sue\u00f1os"},"image":{"@id":"https:\/\/loteriadeltolima.com\/2024\/#\/schema\/logo\/image\/"}}]}},"_links":{"self":[{"href":"https:\/\/loteriadeltolima.com\/2024\/wp-json\/wp\/v2\/pages\/19600","targetHints":{"allow":["GET"]}}],"collection":[{"href":"https:\/\/loteriadeltolima.com\/2024\/wp-json\/wp\/v2\/pages"}],"about":[{"href":"https:\/\/loteriadeltolima.com\/2024\/wp-json\/wp\/v2\/types\/page"}],"author":[{"embeddable":true,"href":"https:\/\/loteriadeltolima.com\/2024\/wp-json\/wp\/v2\/users\/3"}],"replies":[{"embeddable":true,"href":"https:\/\/loteriadeltolima.com\/2024\/wp-json\/wp\/v2\/comments?post=19600"}],"version-history":[{"count":12,"href":"https:\/\/loteriadeltolima.com\/2024\/wp-json\/wp\/v2\/pages\/19600\/revisions"}],"predecessor-version":[{"id":36445,"href":"https:\/\/loteriadeltolima.com\/2024\/wp-json\/wp\/v2\/pages\/19600\/revisions\/36445"}],"wp:attachment":[{"href":"https:\/\/loteriadeltolima.com\/2024\/wp-json\/wp\/v2\/media?parent=19600"}],"curies":[{"name":"wp","href":"https:\/\/api.w.org\/{rel}","templated":true}]}}