{"id":27513,"date":"2023-06-30T14:07:33","date_gmt":"2023-06-30T19:07:33","guid":{"rendered":"https:\/\/loteriadeltolima.com\/?page_id=27513"},"modified":"2023-06-30T15:37:31","modified_gmt":"2023-06-30T20:37:31","slug":"programas-sociales-loteria-del-tolima","status":"publish","type":"page","link":"https:\/\/loteriadeltolima.com\/2024\/programas-sociales-loteria-del-tolima\/","title":{"rendered":"Programas Sociales Loter\u00eda del Tolima"},"content":{"rendered":"\t\t<div data-elementor-type=\"wp-page\" data-elementor-id=\"27513\" class=\"elementor elementor-27513\" data-elementor-post-type=\"page\">\n\t\t\t\t<div class=\"elementor-element elementor-element-ac7e63d e-flex e-con-boxed e-con e-parent\" data-id=\"ac7e63d\" data-element_type=\"container\">\n\t\t\t\t\t<div class=\"e-con-inner\">\n\t\t\t\t<div class=\"elementor-element elementor-element-d22151f elementor-widget elementor-widget-spacer\" data-id=\"d22151f\" data-element_type=\"widget\" data-widget_type=\"spacer.default\">\n\t\t\t\t<div class=\"elementor-widget-container\">\n\t\t\t\t\t\t\t<div class=\"elementor-spacer\">\n\t\t\t<div class=\"elementor-spacer-inner\"><\/div>\n\t\t<\/div>\n\t\t\t\t\t\t<\/div>\n\t\t\t\t<\/div>\n\t\t\t\t\t<\/div>\n\t\t\t\t<\/div>\n\t\t<div class=\"elementor-element elementor-element-5faa497 e-flex e-con-boxed e-con e-parent\" data-id=\"5faa497\" data-element_type=\"container\">\n\t\t\t\t\t<div class=\"e-con-inner\">\n\t\t\t\t<div class=\"elementor-element elementor-element-f042892 elementor-widget elementor-widget-heading\" data-id=\"f042892\" data-element_type=\"widget\" data-widget_type=\"heading.default\">\n\t\t\t\t<div class=\"elementor-widget-container\">\n\t\t\t\t\t<h2 class=\"elementor-heading-title elementor-size-default\">Programas Sociales<\/h2>\t\t\t\t<\/div>\n\t\t\t\t<\/div>\n\t\t\t\t\t<\/div>\n\t\t\t\t<\/div>\n\t\t<div class=\"elementor-element elementor-element-f9f1cd5 e-flex e-con-boxed e-con e-parent\" data-id=\"f9f1cd5\" data-element_type=\"container\">\n\t\t\t\t\t<div class=\"e-con-inner\">\n\t\t\t\t<div class=\"elementor-element elementor-element-ee8cf3f elementor--h-position-center elementor--v-position-middle elementor-arrows-position-inside elementor-pagination-position-inside elementor-widget elementor-widget-slides\" data-id=\"ee8cf3f\" data-element_type=\"widget\" data-settings=\"{&quot;navigation&quot;:&quot;both&quot;,&quot;autoplay&quot;:&quot;yes&quot;,&quot;pause_on_hover&quot;:&quot;yes&quot;,&quot;pause_on_interaction&quot;:&quot;yes&quot;,&quot;autoplay_speed&quot;:5000,&quot;infinite&quot;:&quot;yes&quot;,&quot;transition&quot;:&quot;slide&quot;,&quot;transition_speed&quot;:500}\" data-widget_type=\"slides.default\">\n\t\t\t\t<div class=\"elementor-widget-container\">\n\t\t\t\t\t\t\t<div class=\"elementor-swiper\">\n\t\t\t<div class=\"elementor-slides-wrapper elementor-main-swiper swiper\" dir=\"ltr\" data-animation=\"fadeInUp\">\n\t\t\t\t<div class=\"swiper-wrapper elementor-slides\">\n\t\t\t\t\t\t\t\t\t\t<div class=\"elementor-repeater-item-78a1473 swiper-slide\"><div class=\"swiper-slide-bg\" role=\"img\"><\/div><div class=\"elementor-background-overlay\"><\/div><div class=\"swiper-slide-inner\" ><div class=\"swiper-slide-contents\"><div class=\"elementor-slide-heading\">La casa del Lotero<\/div><div class=\"elementor-slide-description\">La empresa de los tolimenses pone en marcha el proyecto de una casa dedicada a mejorar la calidad de vida y a generar bienestar integral para m\u00e1s de 350 vendedores de loter\u00eda en el Tolima<\/div><a href=\"https:\/\/loteriadeltolima.com\/inaugurada-primera-casa-del-lotero-en-el-pais-proyecto-pionero-de-atencion-social-que-lidera-la-loteria-del-tolima\/\" class=\"elementor-button elementor-slide-button elementor-size-xs\">Ver mas...<\/a><\/div><\/div><\/div><div class=\"elementor-repeater-item-52844af swiper-slide\"><div class=\"swiper-slide-bg\" role=\"img\"><\/div><div class=\"elementor-background-overlay\"><\/div><a class=\"swiper-slide-inner\" href=\"https:\/\/loteriadeltolima.com\/regresa-sin-edad-para-aprender\/\"><div class=\"swiper-slide-contents\"><div class=\"elementor-slide-heading\">Sin edad para aprender<\/div><div class=\"elementor-slide-description\">La Loter\u00eda del Tolima, reactiva la segunda temporada del programa que le permite estudiar a los loteros del Tolima<\/div><div  class=\"elementor-button elementor-slide-button elementor-size-xs\">Ver mas...<\/div><\/div><\/a><\/div><div class=\"elementor-repeater-item-bdf8d50 swiper-slide\"><div class=\"swiper-slide-bg\" role=\"img\"><\/div><div class=\"elementor-background-overlay\"><\/div><a class=\"swiper-slide-inner\" href=\"https:\/\/loteriadeltolima.com\/la-loteria-del-tolima-se-consolida-comola-mas-social-de-colombia\/\"><div class=\"swiper-slide-contents\"><div class=\"elementor-slide-heading\">Ver para creer<\/div><div class=\"elementor-slide-description\">La empresa tolimense ostenta el mayor reconocimiento social en el pa\u00eds, pues durante los \u00faltimos a\u00f1os ha innovado \nen la forma de ayudar a sus loteros<\/div><div  class=\"elementor-button elementor-slide-button elementor-size-xs\">Ver mas...<\/div><\/div><\/a><\/div><div class=\"elementor-repeater-item-7147010 swiper-slide\"><div class=\"swiper-slide-bg\" role=\"img\"><\/div><div class=\"elementor-background-overlay\"><\/div><a class=\"swiper-slide-inner\" href=\"https:\/\/loteriadeltolima.com\/la-loteria-del-tolima-se-consolida-comola-mas-social-de-colombia\/\"><div class=\"swiper-slide-contents\"><div class=\"elementor-slide-heading\">Ponte en sus zapatos<\/div><div class=\"elementor-slide-description\">El proyecto social de la Empresa sigue realizando acciones encaminadas al bienestar integral para los loteros, que trabajan para aportarle recursos a la salud de los tolimenses.<\/div><div  class=\"elementor-button elementor-slide-button elementor-size-xs\">Ver mas...<\/div><\/div><\/a><\/div><div class=\"elementor-repeater-item-37749ea swiper-slide\"><div class=\"swiper-slide-bg\" role=\"img\"><\/div><div class=\"elementor-background-overlay\"><\/div><a class=\"swiper-slide-inner\" href=\"https:\/\/loteriadeltolima.com\/los-loteros-del-tolima-se-graduaron-en-tecnicas-de-ventas\/\"><div class=\"swiper-slide-contents\"><div class=\"elementor-slide-heading\">Generaci\u00f3n LT<\/div><div class=\"elementor-slide-description\">Los loteros del Tolima se graduaron en t\u00e9cnicas de ventas<\/div><div  class=\"elementor-button elementor-slide-button elementor-size-xs\">Ver mas...<\/div><\/div><\/a><\/div><div class=\"elementor-repeater-item-8cdcd5a swiper-slide\"><div class=\"swiper-slide-bg\" role=\"img\"><\/div><div class=\"elementor-background-overlay\"><\/div><a class=\"swiper-slide-inner\" href=\"https:\/\/loteriadeltolima.com\/la-loteria-del-tolima-lanza-la-campana-por-la-sonrisa-de-un-lotero\/\"><div class=\"swiper-slide-contents\"><div class=\"elementor-slide-heading\">Por la sonrisa de un lotero<\/div><div class=\"elementor-slide-description\">Gracias a una alianza con la Universidad Antonio Nari\u00f1o, los loteros y sus familias podr\u00e1n acceder a servicios odontol\u00f3gicos especializados totalmente gratis<\/div><div  class=\"elementor-button elementor-slide-button elementor-size-xs\">Ver mas...<\/div><\/div><\/a><\/div>\t\t\t\t<\/div>\n\t\t\t\t\t\t\t\t\t\t\t\t\t\t\t<div class=\"swiper-pagination\"><\/div>\n\t\t\t\t\t\t\t\t\t\t\t\t\t\t\t\t<div class=\"elementor-swiper-button elementor-swiper-button-prev\" role=\"button\" tabindex=\"0\">\n\t\t\t\t\t\t\t<svg aria-hidden=\"true\" class=\"e-font-icon-svg e-eicon-chevron-left\" viewBox=\"0 0 1000 1000\" xmlns=\"http:\/\/www.w3.org\/2000\/svg\"><path d=\"M646 125C629 125 613 133 604 142L308 442C296 454 292 471 292 487 292 504 296 521 308 533L604 854C617 867 629 875 646 875 663 875 679 871 692 858 704 846 713 829 713 812 713 796 708 779 692 767L438 487 692 225C700 217 708 204 708 187 708 171 704 154 692 142 675 129 663 125 646 125Z\"><\/path><\/svg>\t\t\t\t\t\t\t<span class=\"elementor-screen-only\">Previous slide<\/span>\n\t\t\t\t\t\t<\/div>\n\t\t\t\t\t\t<div class=\"elementor-swiper-button elementor-swiper-button-next\" role=\"button\" tabindex=\"0\">\n\t\t\t\t\t\t\t<svg aria-hidden=\"true\" class=\"e-font-icon-svg e-eicon-chevron-right\" viewBox=\"0 0 1000 1000\" xmlns=\"http:\/\/www.w3.org\/2000\/svg\"><path d=\"M696 533C708 521 713 504 713 487 713 471 708 454 696 446L400 146C388 133 375 125 354 125 338 125 325 129 313 142 300 154 292 171 292 187 292 204 296 221 308 233L563 492 304 771C292 783 288 800 288 817 288 833 296 850 308 863 321 871 338 875 354 875 371 875 388 867 400 854L696 533Z\"><\/path><\/svg>\t\t\t\t\t\t\t<span class=\"elementor-screen-only\">Next slide<\/span>\n\t\t\t\t\t\t<\/div>\n\t\t\t\t\t\t\t\t\t\t\t\t<\/div>\n\t\t<\/div>\n\t\t\t\t\t\t<\/div>\n\t\t\t\t<\/div>\n\t\t\t\t\t<\/div>\n\t\t\t\t<\/div>\n\t\t\t\t<\/div>\n\t\t","protected":false},"excerpt":{"rendered":"<p>Programas Sociales La casa del LoteroLa empresa de los tolimenses pone en marcha el proyecto de una casa dedicada a mejorar la calidad de vida y a generar bienestar integral para m\u00e1s de 350 vendedores de loter\u00eda en el TolimaVer mas&#8230;Sin edad para aprenderLa Loter\u00eda del Tolima, reactiva la segunda temporada del programa que le [&hellip;]<\/p>\n","protected":false},"author":2,"featured_media":0,"parent":0,"menu_order":0,"comment_status":"closed","ping_status":"closed","template":"","meta":{"site-sidebar-layout":"no-sidebar","site-content-layout":"page-builder","ast-site-content-layout":"","site-content-style":"default","site-sidebar-style":"default","ast-global-header-display":"","ast-banner-title-visibility":"","ast-main-header-display":"","ast-hfb-above-header-display":"","ast-hfb-below-header-display":"","ast-hfb-mobile-header-display":"","site-post-title":"disabled","ast-breadcrumbs-content":"","ast-featured-img":"disabled","footer-sml-layout":"","theme-transparent-header-meta":"","adv-header-id-meta":"","stick-header-meta":"","header-above-stick-meta":"","header-main-stick-meta":"","header-below-stick-meta":"","astra-migrate-meta-layouts":"default","ast-page-background-enabled":"default","ast-page-background-meta":{"desktop":{"background-color":"var(--ast-global-color-4)","background-image":"","background-repeat":"repeat","background-position":"center center","background-size":"auto","background-attachment":"scroll","background-type":"","background-media":"","overlay-type":"","overlay-color":"","overlay-opacity":"","overlay-gradient":""},"tablet":{"background-color":"","background-image":"","background-repeat":"repeat","background-position":"center center","background-size":"auto","background-attachment":"scroll","background-type":"","background-media":"","overlay-type":"","overlay-color":"","overlay-opacity":"","overlay-gradient":""},"mobile":{"background-color":"","background-image":"","background-repeat":"repeat","background-position":"center center","background-size":"auto","background-attachment":"scroll","background-type":"","background-media":"","overlay-type":"","overlay-color":"","overlay-opacity":"","overlay-gradient":""}},"ast-content-background-meta":{"desktop":{"background-color":"var(--ast-global-color-5)","background-image":"","background-repeat":"repeat","background-position":"center center","background-size":"auto","background-attachment":"scroll","background-type":"","background-media":"","overlay-type":"","overlay-color":"","overlay-opacity":"","overlay-gradient":""},"tablet":{"background-color":"var(--ast-global-color-5)","background-image":"","background-repeat":"repeat","background-position":"center center","background-size":"auto","background-attachment":"scroll","background-type":"","background-media":"","overlay-type":"","overlay-color":"","overlay-opacity":"","overlay-gradient":""},"mobile":{"background-color":"var(--ast-global-color-5)","background-image":"","background-repeat":"repeat","background-position":"center center","background-size":"auto","background-attachment":"scroll","background-type":"","background-media":"","overlay-type":"","overlay-color":"","overlay-opacity":"","overlay-gradient":""}},"footnotes":""},"class_list":["post-27513","page","type-page","status-publish","hentry"],"yoast_head":"<!-- This site is optimized with the Yoast SEO plugin v24.2 - https:\/\/yoast.com\/wordpress\/plugins\/seo\/ -->\n<title>Programas Sociales Loter\u00eda del Tolima - Loter\u00eda del Tolima \u2013 Apu\u00e9stele a sus Sue\u00f1os<\/title>\n<meta name=\"robots\" content=\"index, follow, max-snippet:-1, max-image-preview:large, max-video-preview:-1\" \/>\n<link rel=\"canonical\" href=\"https:\/\/loteriadeltolima.com\/2024\/programas-sociales-loteria-del-tolima\/\" \/>\n<meta property=\"og:locale\" content=\"es_ES\" \/>\n<meta property=\"og:type\" content=\"article\" \/>\n<meta property=\"og:title\" content=\"Programas Sociales Loter\u00eda del Tolima - Loter\u00eda del Tolima \u2013 Apu\u00e9stele a sus Sue\u00f1os\" \/>\n<meta property=\"og:description\" content=\"Programas Sociales La casa del LoteroLa empresa de los tolimenses pone en marcha el proyecto de una casa dedicada a mejorar la calidad de vida y a generar bienestar integral para m\u00e1s de 350 vendedores de loter\u00eda en el TolimaVer mas&#8230;Sin edad para aprenderLa Loter\u00eda del Tolima, reactiva la segunda temporada del programa que le [&hellip;]\" \/>\n<meta property=\"og:url\" content=\"https:\/\/loteriadeltolima.com\/2024\/programas-sociales-loteria-del-tolima\/\" \/>\n<meta property=\"og:site_name\" content=\"Loter\u00eda del Tolima \u2013 Apu\u00e9stele a sus Sue\u00f1os\" \/>\n<meta property=\"article:modified_time\" content=\"2023-06-30T20:37:31+00:00\" \/>\n<meta name=\"twitter:card\" content=\"summary_large_image\" \/>\n<meta name=\"twitter:label1\" content=\"Tiempo de lectura\" \/>\n\t<meta name=\"twitter:data1\" content=\"3 minutos\" \/>\n<script type=\"application\/ld+json\" class=\"yoast-schema-graph\">{\"@context\":\"https:\/\/schema.org\",\"@graph\":[{\"@type\":\"WebPage\",\"@id\":\"https:\/\/loteriadeltolima.com\/2024\/programas-sociales-loteria-del-tolima\/\",\"url\":\"https:\/\/loteriadeltolima.com\/2024\/programas-sociales-loteria-del-tolima\/\",\"name\":\"Programas Sociales Loter\u00eda del Tolima - Loter\u00eda del Tolima \u2013 Apu\u00e9stele a sus Sue\u00f1os\",\"isPartOf\":{\"@id\":\"https:\/\/loteriadeltolima.com\/2024\/#website\"},\"datePublished\":\"2023-06-30T19:07:33+00:00\",\"dateModified\":\"2023-06-30T20:37:31+00:00\",\"breadcrumb\":{\"@id\":\"https:\/\/loteriadeltolima.com\/2024\/programas-sociales-loteria-del-tolima\/#breadcrumb\"},\"inLanguage\":\"es-CO\",\"potentialAction\":[{\"@type\":\"ReadAction\",\"target\":[\"https:\/\/loteriadeltolima.com\/2024\/programas-sociales-loteria-del-tolima\/\"]}]},{\"@type\":\"BreadcrumbList\",\"@id\":\"https:\/\/loteriadeltolima.com\/2024\/programas-sociales-loteria-del-tolima\/#breadcrumb\",\"itemListElement\":[{\"@type\":\"ListItem\",\"position\":1,\"name\":\"Inicio\",\"item\":\"https:\/\/loteriadeltolima.com\/2024\/\"},{\"@type\":\"ListItem\",\"position\":2,\"name\":\"Programas Sociales Loter\u00eda del Tolima\"}]},{\"@type\":\"WebSite\",\"@id\":\"https:\/\/loteriadeltolima.com\/2024\/#website\",\"url\":\"https:\/\/loteriadeltolima.com\/2024\/\",\"name\":\"Loter\u00eda del Tolima \u2013 Apu\u00e9stele a sus Sue\u00f1os\",\"description\":\"Loter\u00eda del Tolima \u2013 Apu\u00e9stele a sus Sue\u00f1os\",\"publisher\":{\"@id\":\"https:\/\/loteriadeltolima.com\/2024\/#organization\"},\"potentialAction\":[{\"@type\":\"SearchAction\",\"target\":{\"@type\":\"EntryPoint\",\"urlTemplate\":\"https:\/\/loteriadeltolima.com\/2024\/?s={search_term_string}\"},\"query-input\":{\"@type\":\"PropertyValueSpecification\",\"valueRequired\":true,\"valueName\":\"search_term_string\"}}],\"inLanguage\":\"es-CO\"},{\"@type\":\"Organization\",\"@id\":\"https:\/\/loteriadeltolima.com\/2024\/#organization\",\"name\":\"Loter\u00eda del Tolima \u2013 Apu\u00e9stele a sus Sue\u00f1os\",\"url\":\"https:\/\/loteriadeltolima.com\/2024\/\",\"logo\":{\"@type\":\"ImageObject\",\"inLanguage\":\"es-CO\",\"@id\":\"https:\/\/loteriadeltolima.com\/2024\/#\/schema\/logo\/image\/\",\"url\":\"https:\/\/loteriadeltolima.com\/2024\/wp-content\/uploads\/2023\/03\/logo_main.png\",\"contentUrl\":\"https:\/\/loteriadeltolima.com\/2024\/wp-content\/uploads\/2023\/03\/logo_main.png\",\"width\":400,\"height\":103,\"caption\":\"Loter\u00eda del Tolima \u2013 Apu\u00e9stele a sus Sue\u00f1os\"},\"image\":{\"@id\":\"https:\/\/loteriadeltolima.com\/2024\/#\/schema\/logo\/image\/\"}}]}<\/script>\n<!-- \/ Yoast SEO plugin. -->","yoast_head_json":{"title":"Programas Sociales Loter\u00eda del Tolima - Loter\u00eda del Tolima \u2013 Apu\u00e9stele a sus Sue\u00f1os","robots":{"index":"index","follow":"follow","max-snippet":"max-snippet:-1","max-image-preview":"max-image-preview:large","max-video-preview":"max-video-preview:-1"},"canonical":"https:\/\/loteriadeltolima.com\/2024\/programas-sociales-loteria-del-tolima\/","og_locale":"es_ES","og_type":"article","og_title":"Programas Sociales Loter\u00eda del Tolima - Loter\u00eda del Tolima \u2013 Apu\u00e9stele a sus Sue\u00f1os","og_description":"Programas Sociales La casa del LoteroLa empresa de los tolimenses pone en marcha el proyecto de una casa dedicada a mejorar la calidad de vida y a generar bienestar integral para m\u00e1s de 350 vendedores de loter\u00eda en el TolimaVer mas&#8230;Sin edad para aprenderLa Loter\u00eda del Tolima, reactiva la segunda temporada del programa que le [&hellip;]","og_url":"https:\/\/loteriadeltolima.com\/2024\/programas-sociales-loteria-del-tolima\/","og_site_name":"Loter\u00eda del Tolima \u2013 Apu\u00e9stele a sus Sue\u00f1os","article_modified_time":"2023-06-30T20:37:31+00:00","twitter_card":"summary_large_image","twitter_misc":{"Tiempo de lectura":"3 minutos"},"schema":{"@context":"https:\/\/schema.org","@graph":[{"@type":"WebPage","@id":"https:\/\/loteriadeltolima.com\/2024\/programas-sociales-loteria-del-tolima\/","url":"https:\/\/loteriadeltolima.com\/2024\/programas-sociales-loteria-del-tolima\/","name":"Programas Sociales Loter\u00eda del Tolima - Loter\u00eda del Tolima \u2013 Apu\u00e9stele a sus Sue\u00f1os","isPartOf":{"@id":"https:\/\/loteriadeltolima.com\/2024\/#website"},"datePublished":"2023-06-30T19:07:33+00:00","dateModified":"2023-06-30T20:37:31+00:00","breadcrumb":{"@id":"https:\/\/loteriadeltolima.com\/2024\/programas-sociales-loteria-del-tolima\/#breadcrumb"},"inLanguage":"es-CO","potentialAction":[{"@type":"ReadAction","target":["https:\/\/loteriadeltolima.com\/2024\/programas-sociales-loteria-del-tolima\/"]}]},{"@type":"BreadcrumbList","@id":"https:\/\/loteriadeltolima.com\/2024\/programas-sociales-loteria-del-tolima\/#breadcrumb","itemListElement":[{"@type":"ListItem","position":1,"name":"Inicio","item":"https:\/\/loteriadeltolima.com\/2024\/"},{"@type":"ListItem","position":2,"name":"Programas Sociales Loter\u00eda del Tolima"}]},{"@type":"WebSite","@id":"https:\/\/loteriadeltolima.com\/2024\/#website","url":"https:\/\/loteriadeltolima.com\/2024\/","name":"Loter\u00eda del Tolima \u2013 Apu\u00e9stele a sus Sue\u00f1os","description":"Loter\u00eda del Tolima \u2013 Apu\u00e9stele a sus Sue\u00f1os","publisher":{"@id":"https:\/\/loteriadeltolima.com\/2024\/#organization"},"potentialAction":[{"@type":"SearchAction","target":{"@type":"EntryPoint","urlTemplate":"https:\/\/loteriadeltolima.com\/2024\/?s={search_term_string}"},"query-input":{"@type":"PropertyValueSpecification","valueRequired":true,"valueName":"search_term_string"}}],"inLanguage":"es-CO"},{"@type":"Organization","@id":"https:\/\/loteriadeltolima.com\/2024\/#organization","name":"Loter\u00eda del Tolima \u2013 Apu\u00e9stele a sus Sue\u00f1os","url":"https:\/\/loteriadeltolima.com\/2024\/","logo":{"@type":"ImageObject","inLanguage":"es-CO","@id":"https:\/\/loteriadeltolima.com\/2024\/#\/schema\/logo\/image\/","url":"https:\/\/loteriadeltolima.com\/2024\/wp-content\/uploads\/2023\/03\/logo_main.png","contentUrl":"https:\/\/loteriadeltolima.com\/2024\/wp-content\/uploads\/2023\/03\/logo_main.png","width":400,"height":103,"caption":"Loter\u00eda del Tolima \u2013 Apu\u00e9stele a sus Sue\u00f1os"},"image":{"@id":"https:\/\/loteriadeltolima.com\/2024\/#\/schema\/logo\/image\/"}}]}},"_links":{"self":[{"href":"https:\/\/loteriadeltolima.com\/2024\/wp-json\/wp\/v2\/pages\/27513","targetHints":{"allow":["GET"]}}],"collection":[{"href":"https:\/\/loteriadeltolima.com\/2024\/wp-json\/wp\/v2\/pages"}],"about":[{"href":"https:\/\/loteriadeltolima.com\/2024\/wp-json\/wp\/v2\/types\/page"}],"author":[{"embeddable":true,"href":"https:\/\/loteriadeltolima.com\/2024\/wp-json\/wp\/v2\/users\/2"}],"replies":[{"embeddable":true,"href":"https:\/\/loteriadeltolima.com\/2024\/wp-json\/wp\/v2\/comments?post=27513"}],"version-history":[{"count":0,"href":"https:\/\/loteriadeltolima.com\/2024\/wp-json\/wp\/v2\/pages\/27513\/revisions"}],"wp:attachment":[{"href":"https:\/\/loteriadeltolima.com\/2024\/wp-json\/wp\/v2\/media?parent=27513"}],"curies":[{"name":"wp","href":"https:\/\/api.w.org\/{rel}","templated":true}]}}