{"id":494,"date":"2021-01-07T11:32:30","date_gmt":"2021-01-07T16:32:30","guid":{"rendered":"https:\/\/loteriadeltolima.com\/nuevo\/?page_id=494"},"modified":"2024-11-20T13:30:45","modified_gmt":"2024-11-20T18:30:45","slug":"sorteo-pijao-de-oro","status":"publish","type":"page","link":"https:\/\/loteriadeltolima.com\/2024\/sorteo-pijao-de-oro\/","title":{"rendered":"Sorteo Pijao de Oro"},"content":{"rendered":"\t\t<div data-elementor-type=\"wp-page\" data-elementor-id=\"494\" class=\"elementor elementor-494\" data-elementor-post-type=\"page\">\n\t\t\t\t<div class=\"elementor-element elementor-element-aed6d9e e-flex e-con-boxed e-con e-parent\" data-id=\"aed6d9e\" data-element_type=\"container\" data-settings=\"{&quot;background_background&quot;:&quot;gradient&quot;}\">\n\t\t\t\t\t<div class=\"e-con-inner\">\n\t\t\t\t<div class=\"elementor-element elementor-element-48299aed elementor-widget elementor-widget-heading\" data-id=\"48299aed\" data-element_type=\"widget\" data-widget_type=\"heading.default\">\n\t\t\t\t<div class=\"elementor-widget-container\">\n\t\t\t\t\t<h1 class=\"elementor-heading-title elementor-size-xl\">Sorteo Pijao de Oro<\/h1>\t\t\t\t<\/div>\n\t\t\t\t<\/div>\n\t\t\t\t\t<\/div>\n\t\t\t\t<\/div>\n\t\t<div class=\"elementor-element elementor-element-f938778 e-flex e-con-boxed e-con e-parent\" data-id=\"f938778\" data-element_type=\"container\">\n\t\t\t\t\t<div class=\"e-con-inner\">\n\t\t<div class=\"elementor-element elementor-element-43fbe31 e-con-full e-flex e-con e-child\" data-id=\"43fbe31\" data-element_type=\"container\">\n\t\t\t\t<div class=\"elementor-element elementor-element-d3a3094 elementor-widget elementor-widget-image\" data-id=\"d3a3094\" data-element_type=\"widget\" data-widget_type=\"image.default\">\n\t\t\t\t<div class=\"elementor-widget-container\">\n\t\t\t\t\t\t\t\t\t\t\t\t\t\t\t<img fetchpriority=\"high\" decoding=\"async\" width=\"300\" height=\"300\" src=\"https:\/\/loteriadeltolima.com\/2024\/wp-content\/uploads\/2023\/01\/pijao-de-oro.png\" class=\"attachment-full size-full wp-image-16262\" alt=\"\" srcset=\"https:\/\/loteriadeltolima.com\/2024\/wp-content\/uploads\/2023\/01\/pijao-de-oro.png 300w, https:\/\/loteriadeltolima.com\/2024\/wp-content\/uploads\/2023\/01\/elementor\/thumbs\/pijao-de-oro-q13s1ye993zihawwh552k3iy50rgtzm4v1ez84vp48.png 100w, https:\/\/loteriadeltolima.com\/2024\/wp-content\/uploads\/2023\/01\/pijao-de-oro-64x64.png 64w, https:\/\/loteriadeltolima.com\/2024\/wp-content\/uploads\/2023\/01\/pijao-de-oro-150x150.png 150w, https:\/\/loteriadeltolima.com\/2024\/wp-content\/uploads\/2023\/01\/elementor\/thumbs\/pijao-de-oro-q13s1ye9m9mfypd0stef6x6gg80yfikumksj2k0v4k.png 130w, https:\/\/loteriadeltolima.com\/2024\/wp-content\/uploads\/2023\/01\/elementor\/thumbs\/pijao-de-oro-q13s1ye9qni34i6e8phjej2ajyg4aowf7r91op2l4o.png 140w\" sizes=\"(max-width: 300px) 100vw, 300px\" \/>\t\t\t\t\t\t\t\t\t\t\t\t\t\t\t<\/div>\n\t\t\t\t<\/div>\n\t\t\t\t<\/div>\n\t\t<div class=\"elementor-element elementor-element-7d56ca7 e-con-full e-flex e-con e-child\" data-id=\"7d56ca7\" data-element_type=\"container\">\n\t\t\t\t<div class=\"elementor-element elementor-element-f52c4ee elementor-widget elementor-widget-text-editor\" data-id=\"f52c4ee\" data-element_type=\"widget\" data-widget_type=\"text-editor.default\">\n\t\t\t\t<div class=\"elementor-widget-container\">\n\t\t\t\t\t\t\t\t\t<p>El juego autorizado el <strong>Pijao de Oro<\/strong> se desarrolla en el centro comercial La Once, ubicado en la calle 11 con carrera Segunda en Ibagu\u00e9 Tolima.<\/p><p>La transmisi\u00f3n del sorteo se realiza de <strong>lunes a viernes a las 2:00 p.m, S\u00e1bados a las 9:00 p.m, Domingos 8:00 pm y Festivos 8:00 p.m<\/strong> por el canal local de televisi\u00f3n PYC de Ibagu\u00e9.<\/p><p>La <strong>Loter\u00eda del Tolima<\/strong> designa a una persona quien act\u00faa como DELEGADO ante el juego autorizado el <strong>Pijao de Oro<\/strong> para el apoyo a la gesti\u00f3n de vigilancia y transparencia en la realizaci\u00f3n del sorteo.<\/p><p><strong>Nota:<\/strong> La presente informaci\u00f3n debe ser verificada en el cronograma de sorteos expedido con Resoluci\u00f3n de Gerencia de la Loter\u00eda del Tolima.\u00a0\u00a0<\/p><p><a href=\"https:\/\/loteriadeltolima.com\/Descargar\/91\/resoluciones\/36799\/resolucion-250-de-2023-cronograma-pijao-2024.pdf\" target=\"_blank\" rel=\"noopener\">Descarga aqu\u00ed la Resolucion No. 250 del 13 de diciembre 2023<\/a><\/p>\t\t\t\t\t\t\t\t<\/div>\n\t\t\t\t<\/div>\n\t\t\t\t<div class=\"elementor-element elementor-element-1c3ce81 elementor-align-center elementor-widget elementor-widget-button\" data-id=\"1c3ce81\" data-element_type=\"widget\" data-widget_type=\"button.default\">\n\t\t\t\t<div class=\"elementor-widget-container\">\n\t\t\t\t\t\t\t\t\t<div class=\"elementor-button-wrapper\">\n\t\t\t\t\t<a class=\"elementor-button elementor-button-link elementor-size-sm\" href=\"https:\/\/loteriadeltolima.com\/resultados-pijao-de-oro\/\">\n\t\t\t\t\t\t<span class=\"elementor-button-content-wrapper\">\n\t\t\t\t\t\t\t\t\t<span class=\"elementor-button-text\">Ver Resultados<\/span>\n\t\t\t\t\t<\/span>\n\t\t\t\t\t<\/a>\n\t\t\t\t<\/div>\n\t\t\t\t\t\t\t\t<\/div>\n\t\t\t\t<\/div>\n\t\t\t\t<\/div>\n\t\t\t\t\t<\/div>\n\t\t\t\t<\/div>\n\t\t\t\t<\/div>\n\t\t","protected":false},"excerpt":{"rendered":"<p>El juego autorizado el Pijao de Oro se desarrolla en el centro comercial La Once, ubicado en la calle 11 con carrera Segunda en Ibagu\u00e9 Tolima. La transmisi\u00f3n del sorteo se realiza de lunes a viernes a las 2:00 p.m, S\u00e1bados a las 9:00 p.m, Domingos 8:00 pm y Festivos 8:00 p.m por el canal [&hellip;]<\/p>\n","protected":false},"author":3,"featured_media":0,"parent":0,"menu_order":0,"comment_status":"closed","ping_status":"closed","template":"","meta":{"site-sidebar-layout":"default","site-content-layout":"","ast-site-content-layout":"","site-content-style":"default","site-sidebar-style":"default","ast-global-header-display":"","ast-banner-title-visibility":"","ast-main-header-display":"","ast-hfb-above-header-display":"","ast-hfb-below-header-display":"","ast-hfb-mobile-header-display":"","site-post-title":"","ast-breadcrumbs-content":"","ast-featured-img":"","footer-sml-layout":"","theme-transparent-header-meta":"","adv-header-id-meta":"","stick-header-meta":"","header-above-stick-meta":"","header-main-stick-meta":"","header-below-stick-meta":"","astra-migrate-meta-layouts":"default","ast-page-background-enabled":"default","ast-page-background-meta":{"desktop":{"background-color":"var(--ast-global-color-4)","background-image":"","background-repeat":"repeat","background-position":"center center","background-size":"auto","background-attachment":"scroll","background-type":"","background-media":"","overlay-type":"","overlay-color":"","overlay-opacity":"","overlay-gradient":""},"tablet":{"background-color":"","background-image":"","background-repeat":"repeat","background-position":"center center","background-size":"auto","background-attachment":"scroll","background-type":"","background-media":"","overlay-type":"","overlay-color":"","overlay-opacity":"","overlay-gradient":""},"mobile":{"background-color":"","background-image":"","background-repeat":"repeat","background-position":"center center","background-size":"auto","background-attachment":"scroll","background-type":"","background-media":"","overlay-type":"","overlay-color":"","overlay-opacity":"","overlay-gradient":""}},"ast-content-background-meta":{"desktop":{"background-color":"var(--ast-global-color-5)","background-image":"","background-repeat":"repeat","background-position":"center center","background-size":"auto","background-attachment":"scroll","background-type":"","background-media":"","overlay-type":"","overlay-color":"","overlay-opacity":"","overlay-gradient":""},"tablet":{"background-color":"var(--ast-global-color-5)","background-image":"","background-repeat":"repeat","background-position":"center center","background-size":"auto","background-attachment":"scroll","background-type":"","background-media":"","overlay-type":"","overlay-color":"","overlay-opacity":"","overlay-gradient":""},"mobile":{"background-color":"var(--ast-global-color-5)","background-image":"","background-repeat":"repeat","background-position":"center center","background-size":"auto","background-attachment":"scroll","background-type":"","background-media":"","overlay-type":"","overlay-color":"","overlay-opacity":"","overlay-gradient":""}},"footnotes":""},"class_list":["post-494","page","type-page","status-publish","hentry"],"yoast_head":"<!-- This site is optimized with the Yoast SEO plugin v24.2 - https:\/\/yoast.com\/wordpress\/plugins\/seo\/ -->\n<title>Sorteo Pijao de Oro - Loter\u00eda del Tolima \u2013 Apu\u00e9stele a sus Sue\u00f1os<\/title>\n<meta name=\"robots\" content=\"index, follow, max-snippet:-1, max-image-preview:large, max-video-preview:-1\" \/>\n<link rel=\"canonical\" href=\"https:\/\/loteriadeltolima.com\/2024\/sorteo-pijao-de-oro\/\" \/>\n<meta property=\"og:locale\" content=\"es_ES\" \/>\n<meta property=\"og:type\" content=\"article\" \/>\n<meta property=\"og:title\" content=\"Sorteo Pijao de Oro - Loter\u00eda del Tolima \u2013 Apu\u00e9stele a sus Sue\u00f1os\" \/>\n<meta property=\"og:description\" content=\"El juego autorizado el Pijao de Oro se desarrolla en el centro comercial La Once, ubicado en la calle 11 con carrera Segunda en Ibagu\u00e9 Tolima. La transmisi\u00f3n del sorteo se realiza de lunes a viernes a las 2:00 p.m, S\u00e1bados a las 9:00 p.m, Domingos 8:00 pm y Festivos 8:00 p.m por el canal [&hellip;]\" \/>\n<meta property=\"og:url\" content=\"https:\/\/loteriadeltolima.com\/2024\/sorteo-pijao-de-oro\/\" \/>\n<meta property=\"og:site_name\" content=\"Loter\u00eda del Tolima \u2013 Apu\u00e9stele a sus Sue\u00f1os\" \/>\n<meta property=\"article:modified_time\" content=\"2024-11-20T18:30:45+00:00\" \/>\n<meta property=\"og:image\" content=\"https:\/\/loteriadeltolima.com\/wp-content\/uploads\/2023\/01\/pijao-de-oro.png\" \/>\n<meta name=\"twitter:card\" content=\"summary_large_image\" \/>\n<meta name=\"twitter:label1\" content=\"Tiempo de lectura\" \/>\n\t<meta name=\"twitter:data1\" content=\"1 minuto\" \/>\n<script type=\"application\/ld+json\" class=\"yoast-schema-graph\">{\"@context\":\"https:\/\/schema.org\",\"@graph\":[{\"@type\":\"WebPage\",\"@id\":\"https:\/\/loteriadeltolima.com\/2024\/sorteo-pijao-de-oro\/\",\"url\":\"https:\/\/loteriadeltolima.com\/2024\/sorteo-pijao-de-oro\/\",\"name\":\"Sorteo Pijao de Oro - Loter\u00eda del Tolima \u2013 Apu\u00e9stele a sus Sue\u00f1os\",\"isPartOf\":{\"@id\":\"https:\/\/loteriadeltolima.com\/2024\/#website\"},\"primaryImageOfPage\":{\"@id\":\"https:\/\/loteriadeltolima.com\/2024\/sorteo-pijao-de-oro\/#primaryimage\"},\"image\":{\"@id\":\"https:\/\/loteriadeltolima.com\/2024\/sorteo-pijao-de-oro\/#primaryimage\"},\"thumbnailUrl\":\"https:\/\/loteriadeltolima.com\/wp-content\/uploads\/2023\/01\/pijao-de-oro.png\",\"datePublished\":\"2021-01-07T16:32:30+00:00\",\"dateModified\":\"2024-11-20T18:30:45+00:00\",\"breadcrumb\":{\"@id\":\"https:\/\/loteriadeltolima.com\/2024\/sorteo-pijao-de-oro\/#breadcrumb\"},\"inLanguage\":\"es-CO\",\"potentialAction\":[{\"@type\":\"ReadAction\",\"target\":[\"https:\/\/loteriadeltolima.com\/2024\/sorteo-pijao-de-oro\/\"]}]},{\"@type\":\"ImageObject\",\"inLanguage\":\"es-CO\",\"@id\":\"https:\/\/loteriadeltolima.com\/2024\/sorteo-pijao-de-oro\/#primaryimage\",\"url\":\"https:\/\/loteriadeltolima.com\/wp-content\/uploads\/2023\/01\/pijao-de-oro.png\",\"contentUrl\":\"https:\/\/loteriadeltolima.com\/wp-content\/uploads\/2023\/01\/pijao-de-oro.png\"},{\"@type\":\"BreadcrumbList\",\"@id\":\"https:\/\/loteriadeltolima.com\/2024\/sorteo-pijao-de-oro\/#breadcrumb\",\"itemListElement\":[{\"@type\":\"ListItem\",\"position\":1,\"name\":\"Inicio\",\"item\":\"https:\/\/loteriadeltolima.com\/2024\/\"},{\"@type\":\"ListItem\",\"position\":2,\"name\":\"Sorteo Pijao de Oro\"}]},{\"@type\":\"WebSite\",\"@id\":\"https:\/\/loteriadeltolima.com\/2024\/#website\",\"url\":\"https:\/\/loteriadeltolima.com\/2024\/\",\"name\":\"Loter\u00eda del Tolima \u2013 Apu\u00e9stele a sus Sue\u00f1os\",\"description\":\"Loter\u00eda del Tolima \u2013 Apu\u00e9stele a sus Sue\u00f1os\",\"publisher\":{\"@id\":\"https:\/\/loteriadeltolima.com\/2024\/#organization\"},\"potentialAction\":[{\"@type\":\"SearchAction\",\"target\":{\"@type\":\"EntryPoint\",\"urlTemplate\":\"https:\/\/loteriadeltolima.com\/2024\/?s={search_term_string}\"},\"query-input\":{\"@type\":\"PropertyValueSpecification\",\"valueRequired\":true,\"valueName\":\"search_term_string\"}}],\"inLanguage\":\"es-CO\"},{\"@type\":\"Organization\",\"@id\":\"https:\/\/loteriadeltolima.com\/2024\/#organization\",\"name\":\"Loter\u00eda del Tolima \u2013 Apu\u00e9stele a sus Sue\u00f1os\",\"url\":\"https:\/\/loteriadeltolima.com\/2024\/\",\"logo\":{\"@type\":\"ImageObject\",\"inLanguage\":\"es-CO\",\"@id\":\"https:\/\/loteriadeltolima.com\/2024\/#\/schema\/logo\/image\/\",\"url\":\"https:\/\/loteriadeltolima.com\/2024\/wp-content\/uploads\/2023\/03\/logo_main.png\",\"contentUrl\":\"https:\/\/loteriadeltolima.com\/2024\/wp-content\/uploads\/2023\/03\/logo_main.png\",\"width\":400,\"height\":103,\"caption\":\"Loter\u00eda del Tolima \u2013 Apu\u00e9stele a sus Sue\u00f1os\"},\"image\":{\"@id\":\"https:\/\/loteriadeltolima.com\/2024\/#\/schema\/logo\/image\/\"}}]}<\/script>\n<!-- \/ Yoast SEO plugin. -->","yoast_head_json":{"title":"Sorteo Pijao de Oro - Loter\u00eda del Tolima \u2013 Apu\u00e9stele a sus Sue\u00f1os","robots":{"index":"index","follow":"follow","max-snippet":"max-snippet:-1","max-image-preview":"max-image-preview:large","max-video-preview":"max-video-preview:-1"},"canonical":"https:\/\/loteriadeltolima.com\/2024\/sorteo-pijao-de-oro\/","og_locale":"es_ES","og_type":"article","og_title":"Sorteo Pijao de Oro - Loter\u00eda del Tolima \u2013 Apu\u00e9stele a sus Sue\u00f1os","og_description":"El juego autorizado el Pijao de Oro se desarrolla en el centro comercial La Once, ubicado en la calle 11 con carrera Segunda en Ibagu\u00e9 Tolima. La transmisi\u00f3n del sorteo se realiza de lunes a viernes a las 2:00 p.m, S\u00e1bados a las 9:00 p.m, Domingos 8:00 pm y Festivos 8:00 p.m por el canal [&hellip;]","og_url":"https:\/\/loteriadeltolima.com\/2024\/sorteo-pijao-de-oro\/","og_site_name":"Loter\u00eda del Tolima \u2013 Apu\u00e9stele a sus Sue\u00f1os","article_modified_time":"2024-11-20T18:30:45+00:00","og_image":[{"url":"https:\/\/loteriadeltolima.com\/wp-content\/uploads\/2023\/01\/pijao-de-oro.png","type":"","width":"","height":""}],"twitter_card":"summary_large_image","twitter_misc":{"Tiempo de lectura":"1 minuto"},"schema":{"@context":"https:\/\/schema.org","@graph":[{"@type":"WebPage","@id":"https:\/\/loteriadeltolima.com\/2024\/sorteo-pijao-de-oro\/","url":"https:\/\/loteriadeltolima.com\/2024\/sorteo-pijao-de-oro\/","name":"Sorteo Pijao de Oro - Loter\u00eda del Tolima \u2013 Apu\u00e9stele a sus Sue\u00f1os","isPartOf":{"@id":"https:\/\/loteriadeltolima.com\/2024\/#website"},"primaryImageOfPage":{"@id":"https:\/\/loteriadeltolima.com\/2024\/sorteo-pijao-de-oro\/#primaryimage"},"image":{"@id":"https:\/\/loteriadeltolima.com\/2024\/sorteo-pijao-de-oro\/#primaryimage"},"thumbnailUrl":"https:\/\/loteriadeltolima.com\/wp-content\/uploads\/2023\/01\/pijao-de-oro.png","datePublished":"2021-01-07T16:32:30+00:00","dateModified":"2024-11-20T18:30:45+00:00","breadcrumb":{"@id":"https:\/\/loteriadeltolima.com\/2024\/sorteo-pijao-de-oro\/#breadcrumb"},"inLanguage":"es-CO","potentialAction":[{"@type":"ReadAction","target":["https:\/\/loteriadeltolima.com\/2024\/sorteo-pijao-de-oro\/"]}]},{"@type":"ImageObject","inLanguage":"es-CO","@id":"https:\/\/loteriadeltolima.com\/2024\/sorteo-pijao-de-oro\/#primaryimage","url":"https:\/\/loteriadeltolima.com\/wp-content\/uploads\/2023\/01\/pijao-de-oro.png","contentUrl":"https:\/\/loteriadeltolima.com\/wp-content\/uploads\/2023\/01\/pijao-de-oro.png"},{"@type":"BreadcrumbList","@id":"https:\/\/loteriadeltolima.com\/2024\/sorteo-pijao-de-oro\/#breadcrumb","itemListElement":[{"@type":"ListItem","position":1,"name":"Inicio","item":"https:\/\/loteriadeltolima.com\/2024\/"},{"@type":"ListItem","position":2,"name":"Sorteo Pijao de Oro"}]},{"@type":"WebSite","@id":"https:\/\/loteriadeltolima.com\/2024\/#website","url":"https:\/\/loteriadeltolima.com\/2024\/","name":"Loter\u00eda del Tolima \u2013 Apu\u00e9stele a sus Sue\u00f1os","description":"Loter\u00eda del Tolima \u2013 Apu\u00e9stele a sus Sue\u00f1os","publisher":{"@id":"https:\/\/loteriadeltolima.com\/2024\/#organization"},"potentialAction":[{"@type":"SearchAction","target":{"@type":"EntryPoint","urlTemplate":"https:\/\/loteriadeltolima.com\/2024\/?s={search_term_string}"},"query-input":{"@type":"PropertyValueSpecification","valueRequired":true,"valueName":"search_term_string"}}],"inLanguage":"es-CO"},{"@type":"Organization","@id":"https:\/\/loteriadeltolima.com\/2024\/#organization","name":"Loter\u00eda del Tolima \u2013 Apu\u00e9stele a sus Sue\u00f1os","url":"https:\/\/loteriadeltolima.com\/2024\/","logo":{"@type":"ImageObject","inLanguage":"es-CO","@id":"https:\/\/loteriadeltolima.com\/2024\/#\/schema\/logo\/image\/","url":"https:\/\/loteriadeltolima.com\/2024\/wp-content\/uploads\/2023\/03\/logo_main.png","contentUrl":"https:\/\/loteriadeltolima.com\/2024\/wp-content\/uploads\/2023\/03\/logo_main.png","width":400,"height":103,"caption":"Loter\u00eda del Tolima \u2013 Apu\u00e9stele a sus Sue\u00f1os"},"image":{"@id":"https:\/\/loteriadeltolima.com\/2024\/#\/schema\/logo\/image\/"}}]}},"_links":{"self":[{"href":"https:\/\/loteriadeltolima.com\/2024\/wp-json\/wp\/v2\/pages\/494","targetHints":{"allow":["GET"]}}],"collection":[{"href":"https:\/\/loteriadeltolima.com\/2024\/wp-json\/wp\/v2\/pages"}],"about":[{"href":"https:\/\/loteriadeltolima.com\/2024\/wp-json\/wp\/v2\/types\/page"}],"author":[{"embeddable":true,"href":"https:\/\/loteriadeltolima.com\/2024\/wp-json\/wp\/v2\/users\/3"}],"replies":[{"embeddable":true,"href":"https:\/\/loteriadeltolima.com\/2024\/wp-json\/wp\/v2\/comments?post=494"}],"version-history":[{"count":12,"href":"https:\/\/loteriadeltolima.com\/2024\/wp-json\/wp\/v2\/pages\/494\/revisions"}],"predecessor-version":[{"id":36811,"href":"https:\/\/loteriadeltolima.com\/2024\/wp-json\/wp\/v2\/pages\/494\/revisions\/36811"}],"wp:attachment":[{"href":"https:\/\/loteriadeltolima.com\/2024\/wp-json\/wp\/v2\/media?parent=494"}],"curies":[{"name":"wp","href":"https:\/\/api.w.org\/{rel}","templated":true}]}}