{"id":646,"date":"2021-01-07T14:09:23","date_gmt":"2021-01-07T19:09:23","guid":{"rendered":"https:\/\/loteriadeltolima.com\/nuevo\/?page_id=646"},"modified":"2024-02-29T14:38:55","modified_gmt":"2024-02-29T19:38:55","slug":"sorteos-loteria","status":"publish","type":"page","link":"https:\/\/loteriadeltolima.com\/2024\/sorteos-loteria\/","title":{"rendered":"Sorteos Loter\u00eda"},"content":{"rendered":"\t\t<div data-elementor-type=\"wp-page\" data-elementor-id=\"646\" class=\"elementor elementor-646\" data-elementor-post-type=\"page\">\n\t\t\t\t<div class=\"elementor-element elementor-element-f218fc9 e-flex e-con-boxed e-con e-parent\" data-id=\"f218fc9\" data-element_type=\"container\" data-settings=\"{&quot;background_background&quot;:&quot;gradient&quot;}\">\n\t\t\t\t\t<div class=\"e-con-inner\">\n\t\t\t\t<div class=\"elementor-element elementor-element-73dee032 elementor-widget elementor-widget-heading\" data-id=\"73dee032\" data-element_type=\"widget\" data-widget_type=\"heading.default\">\n\t\t\t\t<div class=\"elementor-widget-container\">\n\t\t\t\t\t<h1 class=\"elementor-heading-title elementor-size-xl\">Sorteos Loter\u00eda<\/h1>\t\t\t\t<\/div>\n\t\t\t\t<\/div>\n\t\t\t\t\t<\/div>\n\t\t\t\t<\/div>\n\t\t<div class=\"elementor-element elementor-element-e06d9e9 e-flex e-con-boxed e-con e-parent\" data-id=\"e06d9e9\" data-element_type=\"container\">\n\t\t\t\t\t<div class=\"e-con-inner\">\n\t\t\t\t<div class=\"elementor-element elementor-element-d50f0f8 elementor-widget elementor-widget-image\" data-id=\"d50f0f8\" data-element_type=\"widget\" data-widget_type=\"image.default\">\n\t\t\t\t<div class=\"elementor-widget-container\">\n\t\t\t\t\t\t\t\t\t\t\t\t\t\t\t<img fetchpriority=\"high\" decoding=\"async\" width=\"819\" height=\"1024\" src=\"https:\/\/loteriadeltolima.com\/2024\/wp-content\/uploads\/2024\/02\/Calendario-sorteo-2024-819x1024.jpeg\" class=\"attachment-large size-large wp-image-34115\" alt=\"Calendario sorteo 2024\" srcset=\"https:\/\/loteriadeltolima.com\/2024\/wp-content\/uploads\/2024\/02\/Calendario-sorteo-2024-819x1024.jpeg 819w, https:\/\/loteriadeltolima.com\/2024\/wp-content\/uploads\/2024\/02\/Calendario-sorteo-2024-240x300.jpeg 240w, https:\/\/loteriadeltolima.com\/2024\/wp-content\/uploads\/2024\/02\/Calendario-sorteo-2024-768x960.jpeg 768w, https:\/\/loteriadeltolima.com\/2024\/wp-content\/uploads\/2024\/02\/Calendario-sorteo-2024-600x750.jpeg 600w, https:\/\/loteriadeltolima.com\/2024\/wp-content\/uploads\/2024\/02\/Calendario-sorteo-2024-64x80.jpeg 64w, https:\/\/loteriadeltolima.com\/2024\/wp-content\/uploads\/2024\/02\/Calendario-sorteo-2024.jpeg 1080w\" sizes=\"(max-width: 819px) 100vw, 819px\" \/>\t\t\t\t\t\t\t\t\t\t\t\t\t\t\t<\/div>\n\t\t\t\t<\/div>\n\t\t\t\t\t<\/div>\n\t\t\t\t<\/div>\n\t\t<div class=\"elementor-element elementor-element-2c1b9a3 e-flex e-con-boxed e-con e-parent\" data-id=\"2c1b9a3\" data-element_type=\"container\">\n\t\t\t\t\t<div class=\"e-con-inner\">\n\t\t\t\t<div class=\"elementor-element elementor-element-985e0af elementor-widget elementor-widget-text-editor\" data-id=\"985e0af\" data-element_type=\"widget\" data-widget_type=\"text-editor.default\">\n\t\t\t\t<div class=\"elementor-widget-container\">\n\t\t\t\t\t\t\t\t\t<p><strong>Nota: <\/strong>La presente informaci\u00f3n debe ser verificada en el cronograma de sorteos expedido por CNJSA.\u00a0<\/p><p>Para verificar la informaci\u00f3n de clic en el siguiente link: <a href=\"https:\/\/loteriadeltolima.com\/wp-content\/uploads\/2023\/05\/ACUERDO-635-CRONOGRAMA-SORTEOS-2023.pdf\">ACUERDO 635 CRONOGRAMA SORTEOS 2023<\/a><\/p>\t\t\t\t\t\t\t\t<\/div>\n\t\t\t\t<\/div>\n\t\t\t\t\t<\/div>\n\t\t\t\t<\/div>\n\t\t\t\t<\/div>\n\t\t","protected":false},"excerpt":{"rendered":"<p>Nota: La presente informaci\u00f3n debe ser verificada en el cronograma de sorteos expedido por CNJSA.\u00a0 Para verificar la informaci\u00f3n de clic en el siguiente link: ACUERDO 635 CRONOGRAMA SORTEOS 2023<\/p>\n","protected":false},"author":2,"featured_media":0,"parent":0,"menu_order":0,"comment_status":"closed","ping_status":"closed","template":"","meta":{"site-sidebar-layout":"default","site-content-layout":"","ast-site-content-layout":"","site-content-style":"default","site-sidebar-style":"default","ast-global-header-display":"","ast-banner-title-visibility":"","ast-main-header-display":"","ast-hfb-above-header-display":"","ast-hfb-below-header-display":"","ast-hfb-mobile-header-display":"","site-post-title":"","ast-breadcrumbs-content":"","ast-featured-img":"","footer-sml-layout":"","theme-transparent-header-meta":"","adv-header-id-meta":"","stick-header-meta":"","header-above-stick-meta":"","header-main-stick-meta":"","header-below-stick-meta":"","astra-migrate-meta-layouts":"default","ast-page-background-enabled":"default","ast-page-background-meta":{"desktop":{"background-color":"var(--ast-global-color-4)","background-image":"","background-repeat":"repeat","background-position":"center center","background-size":"auto","background-attachment":"scroll","background-type":"","background-media":"","overlay-type":"","overlay-color":"","overlay-opacity":"","overlay-gradient":""},"tablet":{"background-color":"","background-image":"","background-repeat":"repeat","background-position":"center center","background-size":"auto","background-attachment":"scroll","background-type":"","background-media":"","overlay-type":"","overlay-color":"","overlay-opacity":"","overlay-gradient":""},"mobile":{"background-color":"","background-image":"","background-repeat":"repeat","background-position":"center center","background-size":"auto","background-attachment":"scroll","background-type":"","background-media":"","overlay-type":"","overlay-color":"","overlay-opacity":"","overlay-gradient":""}},"ast-content-background-meta":{"desktop":{"background-color":"var(--ast-global-color-5)","background-image":"","background-repeat":"repeat","background-position":"center center","background-size":"auto","background-attachment":"scroll","background-type":"","background-media":"","overlay-type":"","overlay-color":"","overlay-opacity":"","overlay-gradient":""},"tablet":{"background-color":"var(--ast-global-color-5)","background-image":"","background-repeat":"repeat","background-position":"center center","background-size":"auto","background-attachment":"scroll","background-type":"","background-media":"","overlay-type":"","overlay-color":"","overlay-opacity":"","overlay-gradient":""},"mobile":{"background-color":"var(--ast-global-color-5)","background-image":"","background-repeat":"repeat","background-position":"center center","background-size":"auto","background-attachment":"scroll","background-type":"","background-media":"","overlay-type":"","overlay-color":"","overlay-opacity":"","overlay-gradient":""}},"footnotes":""},"class_list":["post-646","page","type-page","status-publish","hentry"],"yoast_head":"<!-- This site is optimized with the Yoast SEO plugin v24.2 - https:\/\/yoast.com\/wordpress\/plugins\/seo\/ -->\n<title>Sorteos Loter\u00eda - Loter\u00eda del Tolima \u2013 Apu\u00e9stele a sus Sue\u00f1os<\/title>\n<meta name=\"robots\" content=\"index, follow, max-snippet:-1, max-image-preview:large, max-video-preview:-1\" \/>\n<link rel=\"canonical\" href=\"https:\/\/loteriadeltolima.com\/2024\/sorteos-loteria\/\" \/>\n<meta property=\"og:locale\" content=\"es_ES\" \/>\n<meta property=\"og:type\" content=\"article\" \/>\n<meta property=\"og:title\" content=\"Sorteos Loter\u00eda - Loter\u00eda del Tolima \u2013 Apu\u00e9stele a sus Sue\u00f1os\" \/>\n<meta property=\"og:description\" content=\"Nota: La presente informaci\u00f3n debe ser verificada en el cronograma de sorteos expedido por CNJSA.\u00a0 Para verificar la informaci\u00f3n de clic en el siguiente link: ACUERDO 635 CRONOGRAMA SORTEOS 2023\" \/>\n<meta property=\"og:url\" content=\"https:\/\/loteriadeltolima.com\/2024\/sorteos-loteria\/\" \/>\n<meta property=\"og:site_name\" content=\"Loter\u00eda del Tolima \u2013 Apu\u00e9stele a sus Sue\u00f1os\" \/>\n<meta property=\"article:modified_time\" content=\"2024-02-29T19:38:55+00:00\" \/>\n<meta property=\"og:image\" content=\"https:\/\/loteriadeltolima.com\/wp-content\/uploads\/2024\/02\/Calendario-sorteo-2024-819x1024.jpeg\" \/>\n<meta name=\"twitter:card\" content=\"summary_large_image\" \/>\n<meta name=\"twitter:label1\" content=\"Tiempo de lectura\" \/>\n\t<meta name=\"twitter:data1\" content=\"1 minuto\" \/>\n<script type=\"application\/ld+json\" class=\"yoast-schema-graph\">{\"@context\":\"https:\/\/schema.org\",\"@graph\":[{\"@type\":\"WebPage\",\"@id\":\"https:\/\/loteriadeltolima.com\/2024\/sorteos-loteria\/\",\"url\":\"https:\/\/loteriadeltolima.com\/2024\/sorteos-loteria\/\",\"name\":\"Sorteos Loter\u00eda - Loter\u00eda del Tolima \u2013 Apu\u00e9stele a sus Sue\u00f1os\",\"isPartOf\":{\"@id\":\"https:\/\/loteriadeltolima.com\/2024\/#website\"},\"primaryImageOfPage\":{\"@id\":\"https:\/\/loteriadeltolima.com\/2024\/sorteos-loteria\/#primaryimage\"},\"image\":{\"@id\":\"https:\/\/loteriadeltolima.com\/2024\/sorteos-loteria\/#primaryimage\"},\"thumbnailUrl\":\"https:\/\/loteriadeltolima.com\/wp-content\/uploads\/2024\/02\/Calendario-sorteo-2024-819x1024.jpeg\",\"datePublished\":\"2021-01-07T19:09:23+00:00\",\"dateModified\":\"2024-02-29T19:38:55+00:00\",\"breadcrumb\":{\"@id\":\"https:\/\/loteriadeltolima.com\/2024\/sorteos-loteria\/#breadcrumb\"},\"inLanguage\":\"es-CO\",\"potentialAction\":[{\"@type\":\"ReadAction\",\"target\":[\"https:\/\/loteriadeltolima.com\/2024\/sorteos-loteria\/\"]}]},{\"@type\":\"ImageObject\",\"inLanguage\":\"es-CO\",\"@id\":\"https:\/\/loteriadeltolima.com\/2024\/sorteos-loteria\/#primaryimage\",\"url\":\"https:\/\/loteriadeltolima.com\/wp-content\/uploads\/2024\/02\/Calendario-sorteo-2024-819x1024.jpeg\",\"contentUrl\":\"https:\/\/loteriadeltolima.com\/wp-content\/uploads\/2024\/02\/Calendario-sorteo-2024-819x1024.jpeg\"},{\"@type\":\"BreadcrumbList\",\"@id\":\"https:\/\/loteriadeltolima.com\/2024\/sorteos-loteria\/#breadcrumb\",\"itemListElement\":[{\"@type\":\"ListItem\",\"position\":1,\"name\":\"Inicio\",\"item\":\"https:\/\/loteriadeltolima.com\/2024\/\"},{\"@type\":\"ListItem\",\"position\":2,\"name\":\"Sorteos Loter\u00eda\"}]},{\"@type\":\"WebSite\",\"@id\":\"https:\/\/loteriadeltolima.com\/2024\/#website\",\"url\":\"https:\/\/loteriadeltolima.com\/2024\/\",\"name\":\"Loter\u00eda del Tolima \u2013 Apu\u00e9stele a sus Sue\u00f1os\",\"description\":\"Loter\u00eda del Tolima \u2013 Apu\u00e9stele a sus Sue\u00f1os\",\"publisher\":{\"@id\":\"https:\/\/loteriadeltolima.com\/2024\/#organization\"},\"potentialAction\":[{\"@type\":\"SearchAction\",\"target\":{\"@type\":\"EntryPoint\",\"urlTemplate\":\"https:\/\/loteriadeltolima.com\/2024\/?s={search_term_string}\"},\"query-input\":{\"@type\":\"PropertyValueSpecification\",\"valueRequired\":true,\"valueName\":\"search_term_string\"}}],\"inLanguage\":\"es-CO\"},{\"@type\":\"Organization\",\"@id\":\"https:\/\/loteriadeltolima.com\/2024\/#organization\",\"name\":\"Loter\u00eda del Tolima \u2013 Apu\u00e9stele a sus Sue\u00f1os\",\"url\":\"https:\/\/loteriadeltolima.com\/2024\/\",\"logo\":{\"@type\":\"ImageObject\",\"inLanguage\":\"es-CO\",\"@id\":\"https:\/\/loteriadeltolima.com\/2024\/#\/schema\/logo\/image\/\",\"url\":\"https:\/\/loteriadeltolima.com\/2024\/wp-content\/uploads\/2023\/03\/logo_main.png\",\"contentUrl\":\"https:\/\/loteriadeltolima.com\/2024\/wp-content\/uploads\/2023\/03\/logo_main.png\",\"width\":400,\"height\":103,\"caption\":\"Loter\u00eda del Tolima \u2013 Apu\u00e9stele a sus Sue\u00f1os\"},\"image\":{\"@id\":\"https:\/\/loteriadeltolima.com\/2024\/#\/schema\/logo\/image\/\"}}]}<\/script>\n<!-- \/ Yoast SEO plugin. -->","yoast_head_json":{"title":"Sorteos Loter\u00eda - Loter\u00eda del Tolima \u2013 Apu\u00e9stele a sus Sue\u00f1os","robots":{"index":"index","follow":"follow","max-snippet":"max-snippet:-1","max-image-preview":"max-image-preview:large","max-video-preview":"max-video-preview:-1"},"canonical":"https:\/\/loteriadeltolima.com\/2024\/sorteos-loteria\/","og_locale":"es_ES","og_type":"article","og_title":"Sorteos Loter\u00eda - Loter\u00eda del Tolima \u2013 Apu\u00e9stele a sus Sue\u00f1os","og_description":"Nota: La presente informaci\u00f3n debe ser verificada en el cronograma de sorteos expedido por CNJSA.\u00a0 Para verificar la informaci\u00f3n de clic en el siguiente link: ACUERDO 635 CRONOGRAMA SORTEOS 2023","og_url":"https:\/\/loteriadeltolima.com\/2024\/sorteos-loteria\/","og_site_name":"Loter\u00eda del Tolima \u2013 Apu\u00e9stele a sus Sue\u00f1os","article_modified_time":"2024-02-29T19:38:55+00:00","og_image":[{"url":"https:\/\/loteriadeltolima.com\/wp-content\/uploads\/2024\/02\/Calendario-sorteo-2024-819x1024.jpeg","type":"","width":"","height":""}],"twitter_card":"summary_large_image","twitter_misc":{"Tiempo de lectura":"1 minuto"},"schema":{"@context":"https:\/\/schema.org","@graph":[{"@type":"WebPage","@id":"https:\/\/loteriadeltolima.com\/2024\/sorteos-loteria\/","url":"https:\/\/loteriadeltolima.com\/2024\/sorteos-loteria\/","name":"Sorteos Loter\u00eda - Loter\u00eda del Tolima \u2013 Apu\u00e9stele a sus Sue\u00f1os","isPartOf":{"@id":"https:\/\/loteriadeltolima.com\/2024\/#website"},"primaryImageOfPage":{"@id":"https:\/\/loteriadeltolima.com\/2024\/sorteos-loteria\/#primaryimage"},"image":{"@id":"https:\/\/loteriadeltolima.com\/2024\/sorteos-loteria\/#primaryimage"},"thumbnailUrl":"https:\/\/loteriadeltolima.com\/wp-content\/uploads\/2024\/02\/Calendario-sorteo-2024-819x1024.jpeg","datePublished":"2021-01-07T19:09:23+00:00","dateModified":"2024-02-29T19:38:55+00:00","breadcrumb":{"@id":"https:\/\/loteriadeltolima.com\/2024\/sorteos-loteria\/#breadcrumb"},"inLanguage":"es-CO","potentialAction":[{"@type":"ReadAction","target":["https:\/\/loteriadeltolima.com\/2024\/sorteos-loteria\/"]}]},{"@type":"ImageObject","inLanguage":"es-CO","@id":"https:\/\/loteriadeltolima.com\/2024\/sorteos-loteria\/#primaryimage","url":"https:\/\/loteriadeltolima.com\/wp-content\/uploads\/2024\/02\/Calendario-sorteo-2024-819x1024.jpeg","contentUrl":"https:\/\/loteriadeltolima.com\/wp-content\/uploads\/2024\/02\/Calendario-sorteo-2024-819x1024.jpeg"},{"@type":"BreadcrumbList","@id":"https:\/\/loteriadeltolima.com\/2024\/sorteos-loteria\/#breadcrumb","itemListElement":[{"@type":"ListItem","position":1,"name":"Inicio","item":"https:\/\/loteriadeltolima.com\/2024\/"},{"@type":"ListItem","position":2,"name":"Sorteos Loter\u00eda"}]},{"@type":"WebSite","@id":"https:\/\/loteriadeltolima.com\/2024\/#website","url":"https:\/\/loteriadeltolima.com\/2024\/","name":"Loter\u00eda del Tolima \u2013 Apu\u00e9stele a sus Sue\u00f1os","description":"Loter\u00eda del Tolima \u2013 Apu\u00e9stele a sus Sue\u00f1os","publisher":{"@id":"https:\/\/loteriadeltolima.com\/2024\/#organization"},"potentialAction":[{"@type":"SearchAction","target":{"@type":"EntryPoint","urlTemplate":"https:\/\/loteriadeltolima.com\/2024\/?s={search_term_string}"},"query-input":{"@type":"PropertyValueSpecification","valueRequired":true,"valueName":"search_term_string"}}],"inLanguage":"es-CO"},{"@type":"Organization","@id":"https:\/\/loteriadeltolima.com\/2024\/#organization","name":"Loter\u00eda del Tolima \u2013 Apu\u00e9stele a sus Sue\u00f1os","url":"https:\/\/loteriadeltolima.com\/2024\/","logo":{"@type":"ImageObject","inLanguage":"es-CO","@id":"https:\/\/loteriadeltolima.com\/2024\/#\/schema\/logo\/image\/","url":"https:\/\/loteriadeltolima.com\/2024\/wp-content\/uploads\/2023\/03\/logo_main.png","contentUrl":"https:\/\/loteriadeltolima.com\/2024\/wp-content\/uploads\/2023\/03\/logo_main.png","width":400,"height":103,"caption":"Loter\u00eda del Tolima \u2013 Apu\u00e9stele a sus Sue\u00f1os"},"image":{"@id":"https:\/\/loteriadeltolima.com\/2024\/#\/schema\/logo\/image\/"}}]}},"_links":{"self":[{"href":"https:\/\/loteriadeltolima.com\/2024\/wp-json\/wp\/v2\/pages\/646","targetHints":{"allow":["GET"]}}],"collection":[{"href":"https:\/\/loteriadeltolima.com\/2024\/wp-json\/wp\/v2\/pages"}],"about":[{"href":"https:\/\/loteriadeltolima.com\/2024\/wp-json\/wp\/v2\/types\/page"}],"author":[{"embeddable":true,"href":"https:\/\/loteriadeltolima.com\/2024\/wp-json\/wp\/v2\/users\/2"}],"replies":[{"embeddable":true,"href":"https:\/\/loteriadeltolima.com\/2024\/wp-json\/wp\/v2\/comments?post=646"}],"version-history":[{"count":3,"href":"https:\/\/loteriadeltolima.com\/2024\/wp-json\/wp\/v2\/pages\/646\/revisions"}],"predecessor-version":[{"id":34119,"href":"https:\/\/loteriadeltolima.com\/2024\/wp-json\/wp\/v2\/pages\/646\/revisions\/34119"}],"wp:attachment":[{"href":"https:\/\/loteriadeltolima.com\/2024\/wp-json\/wp\/v2\/media?parent=646"}],"curies":[{"name":"wp","href":"https:\/\/api.w.org\/{rel}","templated":true}]}}